{"id":4838,"date":"2024-08-02T16:36:08","date_gmt":"2024-08-02T07:36:08","guid":{"rendered":"https:\/\/hikarijs-mirai.org\/?page_id=4838"},"modified":"2024-08-06T20:17:23","modified_gmt":"2024-08-06T11:17:23","slug":"japariba_info-pt","status":"publish","type":"page","link":"https:\/\/hikarijs-mirai.org\/pt\/japariba_info-pt","title":{"rendered":"JAPARIBA"},"content":{"rendered":"<ul class=\"bogo-language-switcher list-view\"><li class=\"ja first\"><span class=\"bogoflags bogoflags-jp\"><\/span> <span class=\"bogo-language-name\"><a rel=\"alternate\" hreflang=\"ja\" href=\"https:\/\/hikarijs-mirai.org\/wp-json\/wp\/v2\/pages\/4838\" title=\"Japanese\">\u65e5\u672c\u8a9e<\/a><\/span><\/li>\n<li class=\"pt-BR pt current last\"><span class=\"bogoflags bogoflags-br\"><\/span> <span class=\"bogo-language-name\"><a rel=\"alternate\" hreflang=\"pt-BR\" href=\"https:\/\/hikarijs-mirai.org\/pt\/wp-json\/wp\/v2\/pages\/4838\" title=\"Portuguese\" class=\"current\" aria-current=\"page\">Portugu\u00eas<\/a><\/span><\/li>\n<\/ul>\n\n\n\n<div class=\"wp-block-cover alignwide is-light\"><span aria-hidden=\"true\" class=\"wp-block-cover__background has-background-dim-0 has-background-dim\" style=\"background-color:#d6e2ac\"><\/span><img loading=\"lazy\" decoding=\"async\" width=\"1414\" height=\"2000\" class=\"wp-block-cover__image-background wp-image-4845\" alt=\"\" src=\"https:\/\/hikarijs-mirai.org\/wp-content\/uploads\/bg_Live-LIVE-LIVE-LIVE.png\" data-object-fit=\"cover\" srcset=\"https:\/\/hikarijs-mirai.org\/wp-content\/uploads\/bg_Live-LIVE-LIVE-LIVE.png 1414w, https:\/\/hikarijs-mirai.org\/wp-content\/uploads\/bg_Live-LIVE-LIVE-LIVE-212x300.png 212w, https:\/\/hikarijs-mirai.org\/wp-content\/uploads\/bg_Live-LIVE-LIVE-LIVE-724x1024.png 724w, https:\/\/hikarijs-mirai.org\/wp-content\/uploads\/bg_Live-LIVE-LIVE-LIVE-768x1086.png 768w, https:\/\/hikarijs-mirai.org\/wp-content\/uploads\/bg_Live-LIVE-LIVE-LIVE-1086x1536.png 1086w\" sizes=\"auto, (max-width: 1414px) 100vw, 1414px\" \/><div class=\"wp-block-cover__inner-container is-layout-constrained wp-block-cover-is-layout-constrained\">\n<div style=\"height:5rem\" aria-hidden=\"true\" class=\"wp-block-spacer\"><\/div>\n\n\n\n<p class=\"has-text-align-center\" style=\"font-size:2rem;line-height:1.6\"><strong>QUER SABER SOBRE OPORTUNIDADES NO JAP\u00c3O?<\/strong><\/p>\n\n\n\n<p class=\"has-text-align-center\" style=\"font-size:1.5rem;line-height:1\">Projeto de entrevistas com senpais das mais diversas \u00e1reas!<\/p>\n\n\n\n<div style=\"height:2rem\" aria-hidden=\"true\" class=\"wp-block-spacer\"><\/div>\n\n\n\n<div class=\"wp-block-group group-relative\"><div class=\"wp-block-group__inner-container is-layout-constrained wp-block-group-is-layout-constrained\">\n<div class=\"wp-block-group flex-japariba is-nowrap is-layout-flex wp-container-core-group-is-layout-ad2f72ca wp-block-group-is-layout-flex\">\n<p class=\"has-text-align-center text-japariba text-shadow has-white-color has-text-color has-link-color wp-elements-f6a0a053d28d7c12d5fdfad1419f9b7b\" style=\"line-height:1.5\">\u30b8\u30e3\u30d1\u30f3 \uff0b \u8a9e\u308a\u5834<\/p>\n\n\n\n<figure class=\"wp-block-image size-full flag_br-jp\"><img loading=\"lazy\" decoding=\"async\" width=\"113\" height=\"39\" src=\"https:\/\/hikarijs-mirai.org\/wp-content\/uploads\/flag_br-jp.png\" alt=\"\" class=\"wp-image-4846\"\/><\/figure>\n<\/div>\n\n\n\n<h2 class=\"wp-block-heading has-text-align-center heading-japariba text-shadow has-white-color has-text-color has-link-color wp-elements-76443af7f2c5d03642efde2c787654ec\" style=\"line-height:0\"><strong><span class=\"text-j\">J<\/span>APARIBA<\/strong><\/h2>\n<\/div><\/div>\n\n\n\n<div style=\"height:32px\" aria-hidden=\"true\" class=\"wp-block-spacer\"><\/div>\n\n\n<div class=\"wp-block-image\">\n<figure class=\"aligncenter size-large\"><img loading=\"lazy\" decoding=\"async\" width=\"1024\" height=\"353\" src=\"https:\/\/hikarijs-mirai.org\/wp-content\/uploads\/guests_Live-LIVE-LIVE-LIVE-1024x353.png\" alt=\"\" class=\"wp-image-4876\" srcset=\"https:\/\/hikarijs-mirai.org\/wp-content\/uploads\/guests_Live-LIVE-LIVE-LIVE-1024x353.png 1024w, https:\/\/hikarijs-mirai.org\/wp-content\/uploads\/guests_Live-LIVE-LIVE-LIVE-300x103.png 300w, https:\/\/hikarijs-mirai.org\/wp-content\/uploads\/guests_Live-LIVE-LIVE-LIVE-768x265.png 768w, https:\/\/hikarijs-mirai.org\/wp-content\/uploads\/guests_Live-LIVE-LIVE-LIVE.png 1340w\" sizes=\"auto, (max-width: 1024px) 100vw, 1024px\" \/><\/figure>\n<\/div>\n\n\n<div style=\"height:1rem\" aria-hidden=\"true\" class=\"wp-block-spacer\"><\/div>\n\n\n\n<p class=\"has-text-align-center text-shadow has-white-color has-text-color has-link-color wp-elements-3c0f262e04a167b5f3b66cfbf5928084\" style=\"font-size:2rem\"><strong>o Jap\u00e3o \u00e9 poss\u00edvel!<\/strong><\/p>\n\n\n\n<div class=\"wp-block-group\" style=\"padding-top:2rem;padding-right:2rem;padding-bottom:2rem;padding-left:2rem\"><div class=\"wp-block-group__inner-container is-layout-constrained wp-container-core-group-is-layout-51968c57 wp-block-group-is-layout-constrained\">\n<div class=\"wp-block-columns flex-se has-background is-layout-flex wp-container-core-columns-is-layout-a180a1d0 wp-block-columns-is-layout-flex\" style=\"background-color:#ffffffab;padding-top:var(--wp--preset--spacing--60);padding-right:var(--wp--preset--spacing--60);padding-bottom:var(--wp--preset--spacing--60);padding-left:var(--wp--preset--spacing--60)\">\n<div class=\"wp-block-column is-layout-flow wp-block-column-is-layout-flow\" style=\"flex-basis:40%\">\n<p>O Japariba \u00e9 um projeto de entrevistas para divulgar informa\u00e7\u00f5es sobre bolsas de estudos e outras oportunidades para quem quer tentar a vida no Jap\u00e3o.<\/p>\n<\/div>\n\n\n\n<div class=\"wp-block-column is-layout-flow wp-block-column-is-layout-flow\" style=\"flex-basis:40%\">\n<p class=\"info-text-japariba\">&#x1f442;<strong>Informa\u00e7\u00f5es sobre:<\/strong><\/p>\n\n\n\n<ul class=\"wp-block-list info-list-japariba\">\n<li>Bolsas de estudos<\/li>\n\n\n\n<li>Oportunidades de trabalho<\/li>\n\n\n\n<li>Cotidiano no Jap\u00e3o<\/li>\n\n\n\n<li>Dicas e muito mais!<\/li>\n<\/ul>\n<\/div>\n<\/div>\n\n\n\n<div style=\"height:3rem\" aria-hidden=\"true\" class=\"wp-block-spacer\"><\/div>\n\n\n\n<div class=\"wp-block-columns is-layout-flex wp-container-core-columns-is-layout-9d6595d7 wp-block-columns-is-layout-flex\">\n<div class=\"wp-block-column is-layout-flow wp-block-column-is-layout-flow\"><div class=\"wp-block-image\">\n<figure class=\"aligncenter size-medium\"><img loading=\"lazy\" decoding=\"async\" width=\"300\" height=\"138\" src=\"https:\/\/hikarijs-mirai.org\/wp-content\/uploads\/sns-qrcode-300x138.png\" alt=\"\" class=\"wp-image-4917\" srcset=\"https:\/\/hikarijs-mirai.org\/wp-content\/uploads\/sns-qrcode-300x138.png 300w, https:\/\/hikarijs-mirai.org\/wp-content\/uploads\/sns-qrcode.png 586w\" sizes=\"auto, (max-width: 300px) 100vw, 300px\" \/><\/figure>\n<\/div><\/div>\n\n\n\n<div class=\"wp-block-column is-layout-flow wp-block-column-is-layout-flow\"><div class=\"wp-block-image\">\n<figure class=\"aligncenter size-full\"><img loading=\"lazy\" decoding=\"async\" width=\"348\" height=\"126\" src=\"https:\/\/hikarijs-mirai.org\/wp-content\/uploads\/logo_japariba-br.png\" alt=\"\" class=\"wp-image-4942\" srcset=\"https:\/\/hikarijs-mirai.org\/wp-content\/uploads\/logo_japariba-br.png 348w, https:\/\/hikarijs-mirai.org\/wp-content\/uploads\/logo_japariba-br-300x109.png 300w\" sizes=\"auto, (max-width: 348px) 100vw, 348px\" \/><\/figure>\n<\/div>\n\n\n<div class=\"wp-block-group is-content-justification-center is-nowrap is-layout-flex wp-container-core-group-is-layout-94bc23d7 wp-block-group-is-layout-flex\">\n<div class=\"wp-block-vk-blocks-icon vk_icon\"><div class=\"vk_icon_frame is-style-noline\"><div class=\"vk_icon_border has-text-color has-black-color\" style=\"width:calc(1rem + 0px);height:calc(1rem + 0px);border-radius:0%\"><i style=\"font-size:1rem\" class=\"fa-regular vk_icon_font fa-envelope\" aria-hidden=\"true\"><\/i><\/div><\/div><\/div>\n\n\n\n<p class=\"text-toiawase has-link-color wp-elements-283b502136255dd34d5f15e1bc0d3468\"><a href=\"mailto:toiawase@hikarijs-mirai.org\">toiawase@hikarijs-mirai.org<\/a><\/p>\n<\/div>\n<\/div>\n<\/div>\n\n\n\n<div style=\"height:2rem\" aria-hidden=\"true\" class=\"wp-block-spacer\"><\/div>\n\n\n\n<p class=\"has-text-align-center text-shadow has-white-color has-text-color has-link-color wp-elements-e2c2040f6917a7d7a964e22913739f2b\" style=\"font-size:1.2rem\"><strong>#bolsadeestudo #interc\u00e2mbio #l\u00ednguajaponesa #vidanoJap\u00e3o #ojap\u00e3o\u00e9poss\u00edvel<\/strong><\/p>\n\n\n\n<div style=\"height:5rem\" aria-hidden=\"true\" class=\"wp-block-spacer\"><\/div>\n<\/div><\/div>\n<\/div><\/div>\n\n\n\n<div style=\"height:3rem\" aria-hidden=\"true\" class=\"wp-block-spacer\"><\/div>\n","protected":false},"excerpt":{"rendered":"","protected":false},"author":7,"featured_media":0,"parent":0,"menu_order":0,"comment_status":"closed","ping_status":"closed","template":"","meta":{"_acf_changed":false,"_locale":"pt_BR","_original_post":"https:\/\/hikarijs-mirai.org\/?page_id=4828","vkexunit_cta_each_option":"","footnotes":""},"class_list":["post-4838","page","type-page","status-publish","hentry","pt-BR"],"acf":[],"_links":{"self":[{"href":"https:\/\/hikarijs-mirai.org\/wp-json\/wp\/v2\/pages\/4838","targetHints":{"allow":["GET"]}}],"collection":[{"href":"https:\/\/hikarijs-mirai.org\/wp-json\/wp\/v2\/pages"}],"about":[{"href":"https:\/\/hikarijs-mirai.org\/wp-json\/wp\/v2\/types\/page"}],"author":[{"embeddable":true,"href":"https:\/\/hikarijs-mirai.org\/wp-json\/wp\/v2\/users\/7"}],"replies":[{"embeddable":true,"href":"https:\/\/hikarijs-mirai.org\/wp-json\/wp\/v2\/comments?post=4838"}],"version-history":[{"count":8,"href":"https:\/\/hikarijs-mirai.org\/wp-json\/wp\/v2\/pages\/4838\/revisions"}],"predecessor-version":[{"id":4969,"href":"https:\/\/hikarijs-mirai.org\/wp-json\/wp\/v2\/pages\/4838\/revisions\/4969"}],"wp:attachment":[{"href":"https:\/\/hikarijs-mirai.org\/wp-json\/wp\/v2\/media?parent=4838"}],"curies":[{"name":"wp","href":"https:\/\/api.w.org\/{rel}","templated":true}]}}